{"id":417,"date":"2018-05-20T18:10:24","date_gmt":"2018-05-20T16:10:24","guid":{"rendered":"http:\/\/ayursa.eu\/ayurveda-blog\/?page_id=417"},"modified":"2020-12-04T14:55:25","modified_gmt":"2020-12-04T13:55:25","slug":"datenschutzerklaerung","status":"publish","type":"page","link":"https:\/\/ayursa.eu\/ayurveda-blog\/datenschutzerklaerung\/","title":{"rendered":"Datenschutzerkl\u00e4rung"},"content":{"rendered":"<p><strong>Datenschutzerkl\u00e4rung ayursa.eu\/ayurveda-blog\/<\/strong><br \/>\nWir begr\u00fc\u00dfen Sie bei Ihrem Besuch auf unserer Webseite und freuen uns \u00fcber Ihr Interesse an unserem Unternehmen.<br \/>\nWir nehmen den Schutz Ihrer pers\u00f6nlichen Daten sehr ernst. Wir verarbeiten Ihre Daten in \u00dcbereinstimmung mit den anwendbaren Rechtsvorschriften zum Schutz personenbezogener Daten, insbesondere der EU Datenschutz-Grundverordnung (EU-DS-GVO) und den f\u00fcr uns geltenden landesspezifischen Ausf\u00fchrungsgesetzen. Mithilfe dieser Datenschutzerkl\u00e4rung informieren wir Sie umfassend \u00fcber die Verarbeitung Ihrer personenbezogenen Daten durch uns und die Ihnen zustehenden Rechte.<br \/>\nPersonenbezogene Daten sind dabei diejenigen Informationen, die eine Identifizierung einer nat\u00fcrlichen Person m\u00f6glich machen. Dazu geh\u00f6ren insbesondere Name, Geburtsdatum, Adresse, Telefonnummer, E-Mail-Adresse aber auch Ihre IP-Adresse.<br \/>\nAnonyme Daten liegen vor, wenn keinerlei Personenbezug zum Nutzer hergestellt werden kann.<\/p>\n<p><strong>Verantwortliche Stelle und Verantwortlicher f\u00fcr Daten<\/strong><br \/>\nSusanne Uhlherr<br \/>\nOhmstrasse 36<br \/>\n90513 Zirndorf<br \/>\nTelefon: 0157-73301500<br \/>\n<strong>Verantwortlicher f\u00fcr Daten<\/strong><br \/>\n<img loading=\"lazy\" decoding=\"async\" src=\"http:\/\/ayursa.eu\/ayurveda-blog\/wp-content\/uploads\/2018\/05\/maizent_2.jpg\" width=\"136\" height=\"16\" \/><\/p>\n<p><strong><br \/>\nIhre Rechte als betroffene Person<\/strong><br \/>\nZun\u00e4chst m\u00f6chten wir Sie an dieser Stelle \u00fcber Ihre Rechte als betroffene Person informieren. Diese Rechte sind in den Art. 15 &#8211; 22 EU-DS-GVO normiert. Dies umfasst:<br \/>\n\u2022 Das Recht auf Auskunft (Art. 15 EU-DS-GVO),<br \/>\n\u2022 Das Recht auf L\u00f6schung (Art. 17 EU-DS-GVO),<br \/>\n\u2022 Das Recht auf Berichtigung (Art. 16 EU-DS-GVO),<br \/>\n\u2022 Das Recht auf Daten\u00fcbertragbarkeit (Art. 20 EU-DSGVO),<br \/>\n\u2022 Das Recht auf Einschr\u00e4nkung der Datenverarbeitung (Art. 18 EU-DS-GVO),<br \/>\n\u2022 Das Widerspruchsrecht gegen die Datenverarbeitung (Art. 21 EU-DS-GVO).<br \/>\nUm diese Rechte geltend zu machen, wenden Sie sich bitte an den oben genannten Verantwortlichen f\u00fcr Daten.<\/p>\n<p>Gleiches gilt, wenn Sie Fragen zur Datenverarbeitung in unserem Unternehmen haben. Ihnen steht zudem ein Beschwerderecht an eine Datenschutzaufsichtsbeh\u00f6rde zu. Die f\u00fcr unser Unternehmen zust\u00e4ndige Datenschutzbeh\u00f6rde ist:<br \/>\nBayerisches Landesamt f\u00fcr Datenschutzaufsicht, Postfach 606, 91511 Ansbach.<\/p>\n<p><strong>Widerspruchsrechte<\/strong><br \/>\nBitte beachten Sie im Zusammenhang mit Widerspruchsrechten folgendes:<br \/>\nWenn wir Ihre personenbezogenen Daten zum Zwecke der Direktwerbung verarbeiten, haben Sie das Recht, dieser Datenverarbeitung jederzeit ohne Angaben von Gr\u00fcnden zu widersprechen. Dies gilt auch f\u00fcr ein Profiling, soweit es mit der Direktwerbung in Verbindung steht.<br \/>\nWenn Sie der Verarbeitung f\u00fcr Zwecke der Direktwerbung widersprechen, so werden wir Ihre personenbezogenen Daten nicht mehr f\u00fcr diese Zwecke verarbeiten. Der Widerspruch ist kostenlos und kann formfrei erfolgen, m\u00f6glichst an:<br \/>\nSusanne Uhlherr, <img loading=\"lazy\" decoding=\"async\" src=\"http:\/\/ayursa.eu\/ayurveda-blog\/wp-content\/uploads\/2018\/05\/maizent_2.jpg\" width=\"136\" height=\"16\" \/>.<br \/>\nF\u00fcr den Fall, dass wir Ihre Daten zur Wahrung berechtigter Interessen verarbeiten, k\u00f6nnen Sie dieser Verarbeitung aus Gr\u00fcnden, die sich aus Ihrer besonderen Situation ergeben, jederzeit widersprechen; dies gilt auch f\u00fcr ein auf diese Bestimmungen gest\u00fctztes Profiling.<\/p>\n<p>Wir verarbeiten Ihre personenbezogenen Daten dann nicht mehr, es sei denn, wir k\u00f6nnen zwingende schutzw\u00fcrdige Gr\u00fcnde f\u00fcr die Verarbeitung nachweisen, die Ihre Interessen, Rechte und Freiheiten \u00fcberwiegen oder die Verarbeitung dient der Geltendmachung, Aus\u00fcbung oder Verteidigung von Rechtsanspr\u00fcchen.<\/p>\n<p><strong>Zwecke und Rechtsgrundlagen der Datenverarbeitung<\/strong><br \/>\nBei der Verarbeitung Ihrer personenbezogenen Daten werden die Bestimmungen der EU-DS-GVO und alle sonstigen geltenden datenschutzrechtlichen Bestimmungen eingehalten. Rechtsgrundlagen f\u00fcr die Datenverarbeitung ergeben sich insbesondere aus Art. 6 EU-DS-GVO.<br \/>\nWir verwenden Ihre Daten zur Gesch\u00e4ftsanbahnung, zur Erf\u00fcllung vertraglicher und gesetzlicher Pflichten, zur Durchf\u00fchrung des Vertragsverh\u00e4ltnisses, zum Anbieten von Produkten und Dienstleistungen sowie zur St\u00e4rkung der Kundenbeziehung, was auch Analysen zu Marketingzwecken und Direktwerbung beinhalten kann.<\/p>\n<p>Ihre Einwilligung stellt ebenfalls eine datenschutzrechtliche Erlaubnisvorschrift dar. Hierbei kl\u00e4ren wir Sie \u00fcber die Zwecke der Datenverarbeitung und \u00fcber Ihr Widerrufsrecht auf. Sollte sich die Einwilligung auch auf die Verarbeitung besonderer Kategorien von personenbezogenen Daten beziehen, werden wir Sie in der Einwilligung ausdr\u00fccklich darauf hinweisen, Art. 88 Abs. 1 EU-DS-GVO.<\/p>\n<p>Eine Verarbeitung besonderer Kategorien personenbezogener Daten i.S.v. Art. 9 Absatz 1 EU-DS-GVO erfolgt nur dann, wenn dies aufgrund rechtlicher Vorschriften oder zur Erbringung der von Ihnen gew\u00fcnschten Leistung erforderlich ist und kein Grund zu der Annahme besteht, dass Ihr schutzw\u00fcrdiges Interesse an dem Ausschluss der Verarbeitung \u00fcberwiegt, Art. 88 Abs. 1 EU-DS-GVO.<\/p>\n<p><strong>Weitergabe an Dritte<\/strong><br \/>\nWir werden Ihre Daten nur im Rahmen der gesetzlichen Bestimmungen oder bei entsprechender Einwilligung an Dritte weitergeben. Ansonsten erfolgt eine Weitergabe an Dritte nicht, es sei denn wir sind hierzu aufgrund zwingender Rechtsvorschriften dazu verpflichtet (Weitergabe an externe Stellen wie z.B. Aufsichtsbeh\u00f6rden oder Strafverfolgungsbeh\u00f6rden).<br \/>\nInnerhalb unseres Unternehmens stellen wir sicher, dass nur diejenigen Personen Ihre Daten erhalten, die diese zur Erf\u00fcllung der vertraglichen und gesetzlichen Pflichten ben\u00f6tigen. In einigen F\u00e4llen unterst\u00fctzen uns Dienstleister bei der Erf\u00fcllung unserer Aufgaben. Mit allen Dienstleistern wurde das notwendige datenschutzrechtliche Vertragswerk abgeschlossen, dies betrifft insbesondere unsere Steuerkanzlei.<\/p>\n<p><strong>Speicherdauer der Daten<\/strong><br \/>\nWir speichern Ihre Daten solange diese f\u00fcr den jeweiligen Verarbeitungszweck ben\u00f6tigt werden. Bitte beachten Sie, dass zahlreiche Aufbewahrungsfristen bedingen, dass Daten weiterhin gespeichert werden (m\u00fcssen). Dies betrifft insbesondere handelsrechtliche oder steuerrechtliche Aufbewahrungspflichten (z.B. Handelsgesetzbuch, Abgabenordnung, etc.). Sofern keine weitergehenden Aufbewahrungspflichten bestehen, werden die Daten nach Zweckerreichung routinem\u00e4\u00dfig gel\u00f6scht.<\/p>\n<p>Hinzu kommt, dass wir Daten aufbewahren k\u00f6nnen, wenn Sie uns hierf\u00fcr Ihre Erlaubnis erteilt haben oder wenn es zu rechtlichen Auseinandersetzungen kommt und wir Beweismittel im Rahmen gesetzlicher Verj\u00e4hrungsfristen nutzen, die bis zu drei\u00dfig Jahre betragen k\u00f6nnen; die regelm\u00e4\u00dfige Verj\u00e4hrungsfrist betr\u00e4gt drei Jahre. Die zugeh\u00f6rigen Daten werden jeweils zum Ende des Kalenderjahres in dem die Verj\u00e4hrung eingetreten ist, gel\u00f6scht.<\/p>\n<p><strong>Sichere Speicherung und \u00dcbertragung Ihrer Daten<\/strong><br \/>\nUm die bei uns gespeicherten Daten bestm\u00f6glich gegen zuf\u00e4llige oder vors\u00e4tzliche Manipulationen, Verlust, Zerst\u00f6rung oder den Zugriff unberechtigter Personen zu sch\u00fctzen, setzen wir entsprechende technische und organisatorische Sicherheitsma\u00dfnahmen ein. Die Sicherheitslevel werden laufend \u00fcberpr\u00fcft und an neue Sicherheitsstandards angepasst.<\/p>\n<p>Der Datenaustausch von und zu unserer Webseite findet jeweils verschl\u00fcsselt statt. Als \u00dcbertragungsprotokoll bieten wir f\u00fcr unseren Webauftritt HTTPS an, jeweils unter Verwendung der aktuellen Verschl\u00fcsselungsprotokolle. Au\u00dferdem besteht die M\u00f6glichkeit, alternative Kommunikationswege zu nutzen (z. B. Postweg oder Telefon).<\/p>\n<p><strong>Verpflichtung zur Bereitstellung der Daten<\/strong><br \/>\nDiverse personenbezogene Daten sind f\u00fcr die Begr\u00fcndung, Durchf\u00fchrung und Beendigung des Schuldverh\u00e4ltnisses und der Erf\u00fcllung der damit verbundenen vertraglichen und gesetzlichen Pflichten notwendig. Gleiches gilt f\u00fcr die Nutzung unserer Webseite und der verschiedenen Funktionen, die diese zur Verf\u00fcgung stellt.<\/p>\n<p>Details dazu haben wir im o.g. Punkt f\u00fcr Sie zusammengefasst. In bestimmten F\u00e4llen m\u00fcssen Daten auch aufgrund gesetzlicher Bestimmungen erhoben bzw. zur Verf\u00fcgung gestellt werden. Bitte beachten Sie, dass eine Bearbeitung Ihrer Anfrage oder die Durchf\u00fchrung des zugrundeliegenden Schuldverh\u00e4ltnisses ohne Bereitstellung dieser Daten nicht m\u00f6glich ist.<\/p>\n<p><strong>Kategorien, Quellen und Herkunft der Daten<\/strong><br \/>\nWelche Daten wir verarbeiten, bestimmt der jeweilige Kontext: Dies h\u00e4ngt davon ab, ob Sie z.B. einen Kommentar in unser Kommtarfeld eingeben. Bitte beachten Sie, dass wir Informationen f\u00fcr besondere Verarbeitungssituationen gegebenenfalls auch gesondert an geeigneter Stelle zur Verf\u00fcgung stellen, z.B. bei der Kommentarfunktion.<\/p>\n<p><strong>Beim Besuch unserer Webseite erheben und verarbeiten wir folgende Daten:<\/strong><br \/>\n\u2022 Angeforderte Webseiten, Dateien, \u00fcbertragene Datenmenge, Downloads\/Dateiexport mit Datum und Uhrzeit<br \/>\n\u2022 Die von Ihrem Internet Service Provider zugewiesene IP-Adresse<br \/>\n\u2022 Name des Internet Service-Providers<br \/>\n\u2022 Angaben \u00fcber die Webseite von der aus Sie uns besuchen<br \/>\n\u2022 Dabei verwendeter Webbrowser und verwendetes Betriebssystem<\/p>\n<p><strong>Im Rahmen eines Kommentars erheben und verarbeiten wir folgende Daten:<\/strong><br \/>\n\u2022 Name<br \/>\n\u2022 E-Mail-Adresse<br \/>\n\u2022 Freiwillig k\u00f6nnen weitere Daten angegeben werden: Webseite<\/p>\n<p><strong>Kommentarfunktion (Art. 6 Abs. 1 lit. a, b EU-DS-GVO)<\/strong><br \/>\nAuf unserer Webseite ist eine Kommentarfunktion vorhanden. Wenn Sie uns einen Kommentar schreiben, verarbeiten wir Ihre im Rahmen der Kommentarfunktion angegebenen Daten zur Kontaktaufnahme und Beantwortung Ihrer Fragen und W\u00fcnsche.<br \/>\nHierbei wird der Grundsatz der Datensparsamkeit und Datenvermeidung beachtet und es werden nur die oben angegebenen Daten erhoben. Zudem wird aus technischer Notwendigkeit sowie zur rechtlichen Absicherung Ihre IP-Adresse verarbeitet. Alle \u00fcbrigen Daten sind freiwillige Felder und k\u00f6nnen optional (z.B. zur individuelleren Beantwortung ihrer Fragen) angegeben werden.<br \/>\nSofern Sie sich per Kommentar an uns wenden, werden wir die in der E-Mail mitgeteilten personenbezogenen Daten allein zum Zweck der Bearbeitung Ihrer Anfrage verarbeiten.<br \/>\nSofern Sie die angebotenen Kommentarfunktion nicht nutzen, findet keine dar\u00fcber hinausgehende Datenerhebung statt.<\/p>\n<p><strong>Cookies (Art. 6 Abs. 1 lit. f EU-DS-GVO \/ Art. 6 Abs. 1 lit a EU-DS-GVO bei Einwilligung)<\/strong><br \/>\nUnsere Internetseiten verwenden so genannte Cookies. Sie dienen dazu, unser Angebot nutzerfreundlicher, effektiver und sicherer zu machen. Cookies sind kleine Textdateien, die auf Ihrem Rechner abgelegt werden und die Ihr Browser (lokal auf Ihrer Festplatte) speichert.<\/p>\n<p>Die von uns verwendeten Cookies sind so genannte \u201eSession-Cookies\u201c. Diese werden nach Ihrem Besuch automatisch gel\u00f6scht.<br \/>\nCookies werden auf dem Rechner des Nutzers gespeichert und von diesem an unserer Seite \u00fcbermittelt. Daher haben Sie als Nutzer auch die volle Kontrolle \u00fcber die Verwendung von Cookies. Durch eine \u00c4nderung der Einstellungen in Ihrem Internetbrowser k\u00f6nnen Sie die \u00dcbertragung von Cookies deaktivieren oder einschr\u00e4nken. Ferner k\u00f6nnen bereits gesetzte Cookies jederzeit \u00fcber einen Internetbrowser oder andere Softwareprogramme gel\u00f6scht werden. Dies ist in allen g\u00e4ngigen Internetbrowsern m\u00f6glich.<\/p>\n<p>Bitte beachten Sie: Deaktivieren Sie die Setzung von Cookies, sind unter Umst\u00e4nden nicht alle Funktionen unserer Internetseite vollumf\u00e4nglich nutzbar.<br \/>\nSie k\u00f6nnen die Angebote unserer Internetseite dann trotzdem ohne Einschr\u00e4nkungen nutzen.<\/p>\n<p><strong>Nutzerprofile \/ Webtracking-Verfahren<\/strong><br \/>\nAnalyse-Programme und andere Techniken zur Auswertung Ihres Nutzungsverhaltens werden auf unserer Webseite nicht eingesetzt.<\/p>\n<p><b>Google-Fonts<\/b><\/p>\n<p>Auf meiner Website werden aus gestalterischen Gr\u00fcnden &#8222;Google Fonts&#8220; der Firma Google Inc. verwendet. Dies sind Schriften, welche die Firma Google Inc. kostenfrei zur Verf\u00fcgung stellt. Laut Aussage unter https:\/\/developers.google.com\/fonts\/faq beschr\u00e4nkt sich Google bei der Erfassung, Speicherung und Verwendung von Endbenutzerdaten auf das, was f\u00fcr Ihre effiziente Bereitstellung von Schriftarten erforderlich ist und es werden daf\u00fcr keine Cookies gesetzt.<\/p>\n<p><strong>Widerspruch Werbe-E-Mails<\/strong><br \/>\nIm Rahmen der gesetzlichen Impressumspflicht m\u00fcssen wir unsere Kontaktdaten ver\u00f6ffentlichen. Diese k\u00f6nnten von dritten Personen teilweise zur \u00dcbersendung nicht erw\u00fcnschter Werbung und Informationen genutzt werden. Wir widersprechen hiermit jeglicher von uns nicht ausdr\u00fccklich autorisierten \u00dcbersendung von Werbematerial aller Art. Wir behalten uns ferner ausdr\u00fccklich rechtliche Schritte gegen die unerw\u00fcnschte und unverlangte Zusendung von Werbematerial vor. Dies gilt insbesondere f\u00fcr sogenannte Spam-E-Mails, Spam-Briefe und Spam-Faxe. Wir weisen darauf hin, dass die unautorisierte \u00dcbermittlung von Werbematerial sowohl wettbewerbsrechtliche, zivilrechtliche und strafrechtliche Tatbest\u00e4nde ber\u00fchren kann. Speziell Spam-E-Mails und Spam-Faxe k\u00f6nnen zu hohen Schadensersatzforderungen f\u00fchren, wenn sie den Gesch\u00e4ftsbetrieb durch \u00dcberf\u00fcllung von Postf\u00e4chern oder Faxger\u00e4ten st\u00f6ren.<\/p>\n","protected":false},"excerpt":{"rendered":"<p>Datenschutzerkl\u00e4rung ayursa.eu\/ayurveda-blog\/ Wir begr\u00fc\u00dfen Sie bei Ihrem Besuch auf unserer Webseite und freuen uns \u00fcber Ihr Interesse an unserem Unternehmen. Wir nehmen den Schutz Ihrer pers\u00f6nlichen Daten sehr ernst. Wir verarbeiten Ihre Daten in \u00dcbereinstimmung mit den anwendbaren Rechtsvorschriften zum <span class=\"excerpt-dots\">&hellip;<\/span> <a class=\"more-link\" href=\"https:\/\/ayursa.eu\/ayurveda-blog\/datenschutzerklaerung\/\"><span class=\"more-msg\">Weiterlesen &rarr;<\/span><\/a><\/p>\n","protected":false},"author":1,"featured_media":0,"parent":0,"menu_order":0,"comment_status":"closed","ping_status":"closed","template":"","meta":{"wprm-recipe-roundup-name":"","wprm-recipe-roundup-description":"","footnotes":""},"class_list":["post-417","page","type-page","status-publish","hentry"],"_links":{"self":[{"href":"https:\/\/ayursa.eu\/ayurveda-blog\/wp-json\/wp\/v2\/pages\/417","targetHints":{"allow":["GET"]}}],"collection":[{"href":"https:\/\/ayursa.eu\/ayurveda-blog\/wp-json\/wp\/v2\/pages"}],"about":[{"href":"https:\/\/ayursa.eu\/ayurveda-blog\/wp-json\/wp\/v2\/types\/page"}],"author":[{"embeddable":true,"href":"https:\/\/ayursa.eu\/ayurveda-blog\/wp-json\/wp\/v2\/users\/1"}],"replies":[{"embeddable":true,"href":"https:\/\/ayursa.eu\/ayurveda-blog\/wp-json\/wp\/v2\/comments?post=417"}],"version-history":[{"count":10,"href":"https:\/\/ayursa.eu\/ayurveda-blog\/wp-json\/wp\/v2\/pages\/417\/revisions"}],"predecessor-version":[{"id":765,"href":"https:\/\/ayursa.eu\/ayurveda-blog\/wp-json\/wp\/v2\/pages\/417\/revisions\/765"}],"wp:attachment":[{"href":"https:\/\/ayursa.eu\/ayurveda-blog\/wp-json\/wp\/v2\/media?parent=417"}],"curies":[{"name":"wp","href":"https:\/\/api.w.org\/{rel}","templated":true}]}}